{"id":15,"date":"2025-10-14T19:04:48","date_gmt":"2025-10-14T19:04:48","guid":{"rendered":"https:\/\/basaranlastik.com\/?page_id=15"},"modified":"2025-10-20T10:11:15","modified_gmt":"2025-10-20T10:11:15","slug":"ana-sayfa","status":"publish","type":"page","link":"https:\/\/basaranlastik.com\/","title":{"rendered":"Ana Sayfa &#8211; Home Page"},"content":{"rendered":"\n<figure class=\"wp-block-image size-large\"><img loading=\"lazy\" decoding=\"async\" width=\"1024\" height=\"415\" src=\"https:\/\/basaranlastik.com\/wp-content\/uploads\/2025\/10\/Bsrlogobig-ince-1024x415.jpg\" alt=\"\" class=\"wp-image-66\"\/><\/figure>\n\n\n<!-- Header alt\u0131 dil butonlar\u0131 -->\n<div class=\"lang-top\">\n  <div class=\"lang-buttons\">\n    <a href=\"https:\/\/bsrtires.com.tr\" target=\"_blank\" rel=\"noopener noreferrer\" class=\"lang-button\">\n      <img decoding=\"async\" src=\"https:\/\/flagcdn.com\/w40\/tr.png\" alt=\"T\u00fcrk\u00e7e\">\n      <span>TR<\/span>\n    <\/a>\n\n    <a href=\"https:\/\/bsrtires.com\" target=\"_blank\" rel=\"noopener noreferrer\" class=\"lang-button\">\n      <img decoding=\"async\" src=\"https:\/\/flagcdn.com\/w40\/gb.png\" alt=\"English\">\n      <span>ENG<\/span>\n    <\/a>\n  <\/div>\n<\/div>\n\n<!-- Alt i\u00e7erik b\u00f6l\u00fcm\u00fc -->\n<section class=\"main-content\">\n   <h1>Ho\u015f Geldiniz &#8211; Welcome <\/h1>\n  <p>Bu sayfadan diledi\u011finiz dilde siteyi ziyaret edebilirsiniz. \n  <p>Please choose the language <\/p>\n<\/section>\n\n<style>\n\/* WordPress temas\u0131 CSS'ine \u00fcst\u00fcn gelsin diye inline class'lara \u00f6zel kuvvet ekliyoruz *\/\n.lang-top {\n  width: 100%;\n  text-align: center;\n  margin-top: 30px;\n}\n\n.lang-buttons {\n  display: flex !important;\n  justify-content: center !important;\n  align-items: center !important;\n  gap: 30px;\n}\n\n\/* Yuvarlak buton stili *\/\n.lang-button {\n  display: flex !important;\n  flex-direction: column;\n  align-items: center;\n  justify-content: center;\n  background-color: #0073aa;\n  color: white;\n  text-decoration: none;\n  border-radius: 50%;\n  width: 90px;\n  height: 90px;\n  font-size: 15px;\n  font-weight: 600;\n  transition: all 0.3s ease;\n}\n\n.lang-button:hover {\n  background-color: #005f8d;\n  transform: scale(1.08);\n}\n\n\/* Bayrak stili *\/\n.lang-button img {\n  width: 40px;\n  height: 28px;\n  margin-bottom: 8px;\n  border-radius: 3px;\n}\n\n\/* Alt i\u00e7erik *\/\n.main-content {\n  text-align: center;\n  padding: 40px 20px;\n}\n\n.hero-image {\n  max-width: 100%;\n  border-radius: 8px;\n  margin-bottom: 30px;\n}\n\n\n\n<p class=\"has-text-align-center\"><strong>BA\u015eARAN M\u00dcMESS\u0130LL\u0130K OTOMOT\u0130V \u0130N\u015eAAT EMLAK SAN.T\u0130C.LTD.<\/strong><\/p>\n\n\n\n<p class=\"has-text-align-center\">Esentepe, Karacada\u011f So. 20 Ba\u015faran Plaza, Kartal 34870, \u0130stanbul, T\u00fcrkiye<\/p>\n\n\n\n<p class=\"has-text-align-center\"><strong>+90 216 517 11 33 \/34<\/strong><\/p>\n","protected":false},"excerpt":{"rendered":"<p>TR ENG Ho\u015f Geldiniz &#8211; Welcome Bu sayfadan diledi\u011finiz dilde siteyi ziyaret edebilirsiniz. Please choose the language \/* WordPress temas\u0131 CSS&#8217;ine \u00fcst\u00fcn gelsin diye inline class&#8217;lara \u00f6zel kuvvet ekliyoruz *\/ .lang-top { width: 100%; text-align: center; margin-top: 30px; } .lang-buttons { display: flex !important; justify-content: center !important; align-items: center !important; gap: 30px; } \/* Yuvarlak [&hellip;]<\/p>\n","protected":false},"author":1,"featured_media":0,"parent":0,"menu_order":0,"comment_status":"closed","ping_status":"closed","template":"","meta":{"footnotes":""},"class_list":["post-15","page","type-page","status-publish","hentry"],"_links":{"self":[{"href":"https:\/\/basaranlastik.com\/index.php?rest_route=\/wp\/v2\/pages\/15","targetHints":{"allow":["GET"]}}],"collection":[{"href":"https:\/\/basaranlastik.com\/index.php?rest_route=\/wp\/v2\/pages"}],"about":[{"href":"https:\/\/basaranlastik.com\/index.php?rest_route=\/wp\/v2\/types\/page"}],"author":[{"embeddable":true,"href":"https:\/\/basaranlastik.com\/index.php?rest_route=\/wp\/v2\/users\/1"}],"replies":[{"embeddable":true,"href":"https:\/\/basaranlastik.com\/index.php?rest_route=%2Fwp%2Fv2%2Fcomments&post=15"}],"version-history":[{"count":34,"href":"https:\/\/basaranlastik.com\/index.php?rest_route=\/wp\/v2\/pages\/15\/revisions"}],"predecessor-version":[{"id":79,"href":"https:\/\/basaranlastik.com\/index.php?rest_route=\/wp\/v2\/pages\/15\/revisions\/79"}],"wp:attachment":[{"href":"https:\/\/basaranlastik.com\/index.php?rest_route=%2Fwp%2Fv2%2Fmedia&parent=15"}],"curies":[{"name":"wp","href":"https:\/\/api.w.org\/{rel}","templated":true}]}}